{"id":532,"date":"2022-08-02T07:20:31","date_gmt":"2022-08-02T07:20:31","guid":{"rendered":"https:\/\/militarymegablog.ch\/index.php\/video-tag\/"},"modified":"2022-08-02T07:20:31","modified_gmt":"2022-08-02T07:20:31","slug":"video-tag","status":"publish","type":"page","link":"https:\/\/militarymegablog.ch\/index.php\/video-tag\/","title":{"rendered":"Video Tag"},"content":{"rendered":"<div class=\"aiovg aiovg-tags-list\"><a href=\"https:\/\/militarymegablog.ch\/index.php\/video-tag\/alan-turing\/\" class=\"tag-cloud-link tag-link-76 tag-link-position-1\" style=\"font-size: 8pt;\" aria-label=\"Alan Turing (1 \u00e9l\u00e9ment)\">Alan Turing<\/a>\n<a href=\"https:\/\/militarymegablog.ch\/index.php\/video-tag\/allies\/\" class=\"tag-cloud-link tag-link-61 tag-link-position-2\" style=\"font-size: 8pt;\" aria-label=\"Alli\u00e9s (1 \u00e9l\u00e9ment)\">Alli\u00e9s<\/a>\n<a href=\"https:\/\/militarymegablog.ch\/index.php\/video-tag\/armes\/\" class=\"tag-cloud-link tag-link-67 tag-link-position-3\" style=\"font-size: 8pt;\" aria-label=\"Armes (1 \u00e9l\u00e9ment)\">Armes<\/a>\n<a href=\"https:\/\/militarymegablog.ch\/index.php\/video-tag\/armee\/\" class=\"tag-cloud-link tag-link-69 tag-link-position-4\" style=\"font-size: 9.953488372093pt;\" aria-label=\"Arm\u00e9e (2 \u00e9l\u00e9ments)\">Arm\u00e9e<\/a>\n<a href=\"https:\/\/militarymegablog.ch\/index.php\/video-tag\/assassinat\/\" class=\"tag-cloud-link tag-link-84 tag-link-position-5\" style=\"font-size: 11.255813953488pt;\" aria-label=\"Assassinat (3 \u00e9l\u00e9ments)\">Assassinat<\/a>\n<a href=\"https:\/\/militarymegablog.ch\/index.php\/video-tag\/avion\/\" class=\"tag-cloud-link tag-link-92 tag-link-position-6\" style=\"font-size: 8pt;\" aria-label=\"Avion (1 \u00e9l\u00e9ment)\">Avion<\/a>\n<a href=\"https:\/\/militarymegablog.ch\/index.php\/video-tag\/aeronautique\/\" class=\"tag-cloud-link tag-link-70 tag-link-position-7\" style=\"font-size: 9.953488372093pt;\" aria-label=\"A\u00e9ronautique (2 \u00e9l\u00e9ments)\">A\u00e9ronautique<\/a>\n<a href=\"https:\/\/militarymegablog.ch\/index.php\/video-tag\/billets\/\" class=\"tag-cloud-link tag-link-81 tag-link-position-8\" style=\"font-size: 8pt;\" aria-label=\"Billets (1 \u00e9l\u00e9ment)\">Billets<\/a>\n<a href=\"https:\/\/militarymegablog.ch\/index.php\/video-tag\/bombe-nucleaire\/\" class=\"tag-cloud-link tag-link-60 tag-link-position-9\" style=\"font-size: 13.209302325581pt;\" aria-label=\"Bombe nucl\u00e9aire (5 \u00e9l\u00e9ments)\">Bombe nucl\u00e9aire<\/a>\n<a href=\"https:\/\/militarymegablog.ch\/index.php\/video-tag\/buchenwald\/\" class=\"tag-cloud-link tag-link-91 tag-link-position-10\" style=\"font-size: 8pt;\" aria-label=\"Buchenwald (1 \u00e9l\u00e9ment)\">Buchenwald<\/a>\n<a href=\"https:\/\/militarymegablog.ch\/index.php\/video-tag\/cadavre\/\" class=\"tag-cloud-link tag-link-78 tag-link-position-11\" style=\"font-size: 8pt;\" aria-label=\"Cadavre (1 \u00e9l\u00e9ment)\">Cadavre<\/a>\n<a href=\"https:\/\/militarymegablog.ch\/index.php\/video-tag\/camp\/\" class=\"tag-cloud-link tag-link-50 tag-link-position-12\" style=\"font-size: 13.209302325581pt;\" aria-label=\"Camp (5 \u00e9l\u00e9ments)\">Camp<\/a>\n<a href=\"https:\/\/militarymegablog.ch\/index.php\/video-tag\/castro\/\" class=\"tag-cloud-link tag-link-88 tag-link-position-13\" style=\"font-size: 8pt;\" aria-label=\"Castro (1 \u00e9l\u00e9ment)\">Castro<\/a>\n<a href=\"https:\/\/militarymegablog.ch\/index.php\/video-tag\/coree-du-nord\/\" class=\"tag-cloud-link tag-link-83 tag-link-position-14\" style=\"font-size: 8pt;\" aria-label=\"Cor\u00e9e du Nord (1 \u00e9l\u00e9ment)\">Cor\u00e9e du Nord<\/a>\n<a href=\"https:\/\/militarymegablog.ch\/index.php\/video-tag\/cuba\/\" class=\"tag-cloud-link tag-link-87 tag-link-position-15\" style=\"font-size: 8pt;\" aria-label=\"Cuba (1 \u00e9l\u00e9ment)\">Cuba<\/a>\n<a href=\"https:\/\/militarymegablog.ch\/index.php\/video-tag\/desertion\/\" class=\"tag-cloud-link tag-link-82 tag-link-position-16\" style=\"font-size: 8pt;\" aria-label=\"Desertion (1 \u00e9l\u00e9ment)\">Desertion<\/a>\n<a href=\"https:\/\/militarymegablog.ch\/index.php\/video-tag\/enfant\/\" class=\"tag-cloud-link tag-link-89 tag-link-position-17\" style=\"font-size: 8pt;\" aria-label=\"Enfant (1 \u00e9l\u00e9ment)\">Enfant<\/a>\n<a href=\"https:\/\/militarymegablog.ch\/index.php\/video-tag\/enigma\/\" class=\"tag-cloud-link tag-link-77 tag-link-position-18\" style=\"font-size: 8pt;\" aria-label=\"Enigma (1 \u00e9l\u00e9ment)\">Enigma<\/a>\n<a href=\"https:\/\/militarymegablog.ch\/index.php\/video-tag\/enquete\/\" class=\"tag-cloud-link tag-link-101 tag-link-position-19\" style=\"font-size: 8pt;\" aria-label=\"Enqu\u00eate (1 \u00e9l\u00e9ment)\">Enqu\u00eate<\/a>\n<a href=\"https:\/\/militarymegablog.ch\/index.php\/video-tag\/espionnage\/\" class=\"tag-cloud-link tag-link-48 tag-link-position-20\" style=\"font-size: 12.341085271318pt;\" aria-label=\"Espionnage (4 \u00e9l\u00e9ments)\">Espionnage<\/a>\n<a href=\"https:\/\/militarymegablog.ch\/index.php\/video-tag\/evasion\/\" class=\"tag-cloud-link tag-link-43 tag-link-position-21\" style=\"font-size: 8pt;\" aria-label=\"Evasion (1 \u00e9l\u00e9ment)\">Evasion<\/a>\n<a href=\"https:\/\/militarymegablog.ch\/index.php\/video-tag\/exflitration\/\" class=\"tag-cloud-link tag-link-96 tag-link-position-22\" style=\"font-size: 8pt;\" aria-label=\"Exflitration (1 \u00e9l\u00e9ment)\">Exflitration<\/a>\n<a href=\"https:\/\/militarymegablog.ch\/index.php\/video-tag\/fake\/\" class=\"tag-cloud-link tag-link-79 tag-link-position-23\" style=\"font-size: 11.255813953488pt;\" aria-label=\"Fake (3 \u00e9l\u00e9ments)\">Fake<\/a>\n<a href=\"https:\/\/militarymegablog.ch\/index.php\/video-tag\/femmes\/\" class=\"tag-cloud-link tag-link-97 tag-link-position-24\" style=\"font-size: 8pt;\" aria-label=\"Femmes (1 \u00e9l\u00e9ment)\">Femmes<\/a>\n<a href=\"https:\/\/militarymegablog.ch\/index.php\/video-tag\/football\/\" class=\"tag-cloud-link tag-link-62 tag-link-position-25\" style=\"font-size: 9.953488372093pt;\" aria-label=\"Football (2 \u00e9l\u00e9ments)\">Football<\/a>\n<a href=\"https:\/\/militarymegablog.ch\/index.php\/video-tag\/france\/\" class=\"tag-cloud-link tag-link-98 tag-link-position-26\" style=\"font-size: 8pt;\" aria-label=\"France (1 \u00e9l\u00e9ment)\">France<\/a>\n<a href=\"https:\/\/militarymegablog.ch\/index.php\/video-tag\/gangster\/\" class=\"tag-cloud-link tag-link-80 tag-link-position-27\" style=\"font-size: 8pt;\" aria-label=\"Gangster (1 \u00e9l\u00e9ment)\">Gangster<\/a>\n<a href=\"https:\/\/militarymegablog.ch\/index.php\/video-tag\/guerre\/\" class=\"tag-cloud-link tag-link-58 tag-link-position-28\" style=\"font-size: 13.968992248062pt;\" aria-label=\"Guerre (6 \u00e9l\u00e9ments)\">Guerre<\/a>\n<a href=\"https:\/\/militarymegablog.ch\/index.php\/video-tag\/guerre-franco-prussienne\/\" class=\"tag-cloud-link tag-link-93 tag-link-position-29\" style=\"font-size: 8pt;\" aria-label=\"Guerre Franco-Prussienne (1 \u00e9l\u00e9ment)\">Guerre Franco-Prussienne<\/a>\n<a href=\"https:\/\/militarymegablog.ch\/index.php\/video-tag\/histoire\/\" class=\"tag-cloud-link tag-link-59 tag-link-position-30\" style=\"font-size: 13.209302325581pt;\" aria-label=\"Histoire (5 \u00e9l\u00e9ments)\">Histoire<\/a>\n<a href=\"https:\/\/militarymegablog.ch\/index.php\/video-tag\/hitler\/\" class=\"tag-cloud-link tag-link-65 tag-link-position-31\" style=\"font-size: 12.341085271318pt;\" aria-label=\"Hitler (4 \u00e9l\u00e9ments)\">Hitler<\/a>\n<a href=\"https:\/\/militarymegablog.ch\/index.php\/video-tag\/hitler-assassinat\/\" class=\"tag-cloud-link tag-link-64 tag-link-position-32\" style=\"font-size: 8pt;\" aria-label=\"Hitler Assassinat (1 \u00e9l\u00e9ment)\">Hitler Assassinat<\/a>\n<a href=\"https:\/\/militarymegablog.ch\/index.php\/video-tag\/honduras\/\" class=\"tag-cloud-link tag-link-74 tag-link-position-33\" style=\"font-size: 8pt;\" aria-label=\"Honduras (1 \u00e9l\u00e9ment)\">Honduras<\/a>\n<a href=\"https:\/\/militarymegablog.ch\/index.php\/video-tag\/infirmier\/\" class=\"tag-cloud-link tag-link-71 tag-link-position-34\" style=\"font-size: 8pt;\" aria-label=\"Infirmier (1 \u00e9l\u00e9ment)\">Infirmier<\/a>\n<a href=\"https:\/\/militarymegablog.ch\/index.php\/video-tag\/japon\/\" class=\"tag-cloud-link tag-link-66 tag-link-position-35\" style=\"font-size: 9.953488372093pt;\" aria-label=\"Japon (2 \u00e9l\u00e9ments)\">Japon<\/a>\n<a href=\"https:\/\/militarymegablog.ch\/index.php\/video-tag\/jfk\/\" class=\"tag-cloud-link tag-link-100 tag-link-position-36\" style=\"font-size: 8pt;\" aria-label=\"JFK (1 \u00e9l\u00e9ment)\">JFK<\/a>\n<a href=\"https:\/\/militarymegablog.ch\/index.php\/video-tag\/mengele\/\" class=\"tag-cloud-link tag-link-75 tag-link-position-37\" style=\"font-size: 8pt;\" aria-label=\"Mengele (1 \u00e9l\u00e9ment)\">Mengele<\/a>\n<a href=\"https:\/\/militarymegablog.ch\/index.php\/video-tag\/mussolini\/\" class=\"tag-cloud-link tag-link-39 tag-link-position-38\" style=\"font-size: 8pt;\" aria-label=\"Mussolini (1 \u00e9l\u00e9ment)\">Mussolini<\/a>\n<a href=\"https:\/\/militarymegablog.ch\/index.php\/video-tag\/nasa\/\" class=\"tag-cloud-link tag-link-55 tag-link-position-39\" style=\"font-size: 8pt;\" aria-label=\"Nasa (1 \u00e9l\u00e9ment)\">Nasa<\/a>\n<a href=\"https:\/\/militarymegablog.ch\/index.php\/video-tag\/nazi\/\" class=\"tag-cloud-link tag-link-54 tag-link-position-40\" style=\"font-size: 20.046511627907pt;\" aria-label=\"Nazi (25 \u00e9l\u00e9ments)\">Nazi<\/a>\n<a href=\"https:\/\/militarymegablog.ch\/index.php\/video-tag\/noel\/\" class=\"tag-cloud-link tag-link-57 tag-link-position-41\" style=\"font-size: 8pt;\" aria-label=\"No\u00ebl (1 \u00e9l\u00e9ment)\">No\u00ebl<\/a>\n<a href=\"https:\/\/militarymegablog.ch\/index.php\/video-tag\/ours\/\" class=\"tag-cloud-link tag-link-53 tag-link-position-42\" style=\"font-size: 8pt;\" aria-label=\"Ours (1 \u00e9l\u00e9ment)\">Ours<\/a>\n<a href=\"https:\/\/militarymegablog.ch\/index.php\/video-tag\/paris\/\" class=\"tag-cloud-link tag-link-85 tag-link-position-43\" style=\"font-size: 8pt;\" aria-label=\"Paris (1 \u00e9l\u00e9ment)\">Paris<\/a>\n<a href=\"https:\/\/militarymegablog.ch\/index.php\/video-tag\/prisionier\/\" class=\"tag-cloud-link tag-link-72 tag-link-position-44\" style=\"font-size: 9.953488372093pt;\" aria-label=\"Prisionier (2 \u00e9l\u00e9ments)\">Prisionier<\/a>\n<a href=\"https:\/\/militarymegablog.ch\/index.php\/video-tag\/prisonier\/\" class=\"tag-cloud-link tag-link-49 tag-link-position-45\" style=\"font-size: 13.209302325581pt;\" aria-label=\"Prisonier (5 \u00e9l\u00e9ments)\">Prisonier<\/a>\n<a href=\"https:\/\/militarymegablog.ch\/index.php\/video-tag\/rudolph-hess\/\" class=\"tag-cloud-link tag-link-94 tag-link-position-46\" style=\"font-size: 8pt;\" aria-label=\"Rudolph Hess (1 \u00e9l\u00e9ment)\">Rudolph Hess<\/a>\n<a href=\"https:\/\/militarymegablog.ch\/index.php\/video-tag\/salvador\/\" class=\"tag-cloud-link tag-link-73 tag-link-position-47\" style=\"font-size: 8pt;\" aria-label=\"Salvador (1 \u00e9l\u00e9ment)\">Salvador<\/a>\n<a href=\"https:\/\/militarymegablog.ch\/index.php\/video-tag\/soldat\/\" class=\"tag-cloud-link tag-link-68 tag-link-position-48\" style=\"font-size: 12.341085271318pt;\" aria-label=\"Soldat (4 \u00e9l\u00e9ments)\">Soldat<\/a>\n<a href=\"https:\/\/militarymegablog.ch\/index.php\/video-tag\/sorciere\/\" class=\"tag-cloud-link tag-link-90 tag-link-position-49\" style=\"font-size: 8pt;\" aria-label=\"Sorci\u00e8re (1 \u00e9l\u00e9ment)\">Sorci\u00e8re<\/a>\n<a href=\"https:\/\/militarymegablog.ch\/index.php\/video-tag\/struthof\/\" class=\"tag-cloud-link tag-link-99 tag-link-position-50\" style=\"font-size: 8pt;\" aria-label=\"Struthof (1 \u00e9l\u00e9ment)\">Struthof<\/a>\n<a href=\"https:\/\/militarymegablog.ch\/index.php\/video-tag\/usa\/\" class=\"tag-cloud-link tag-link-63 tag-link-position-51\" style=\"font-size: 15.596899224806pt;\" aria-label=\"USA (9 \u00e9l\u00e9ments)\">USA<\/a>\n<a href=\"https:\/\/militarymegablog.ch\/index.php\/video-tag\/vatican\/\" class=\"tag-cloud-link tag-link-95 tag-link-position-52\" style=\"font-size: 8pt;\" aria-label=\"Vatican (1 \u00e9l\u00e9ment)\">Vatican<\/a>\n<a href=\"https:\/\/militarymegablog.ch\/index.php\/video-tag\/vietnam\/\" class=\"tag-cloud-link tag-link-86 tag-link-position-53\" style=\"font-size: 8pt;\" aria-label=\"Vietnam (1 \u00e9l\u00e9ment)\">Vietnam<\/a>\n<a href=\"https:\/\/militarymegablog.ch\/index.php\/video-tag\/wwi\/\" class=\"tag-cloud-link tag-link-56 tag-link-position-54\" style=\"font-size: 8pt;\" aria-label=\"WWI (1 \u00e9l\u00e9ment)\">WWI<\/a>\n<a href=\"https:\/\/militarymegablog.ch\/index.php\/video-tag\/wwii\/\" class=\"tag-cloud-link tag-link-40 tag-link-position-55\" style=\"font-size: 22pt;\" aria-label=\"WWII (38 \u00e9l\u00e9ments)\">WWII<\/a><\/div>\n","protected":false},"excerpt":{"rendered":"","protected":false},"author":1,"featured_media":0,"parent":0,"menu_order":0,"comment_status":"closed","ping_status":"closed","template":"","meta":{"_et_pb_use_builder":"","_et_pb_old_content":"","_et_gb_content_width":"","inline_featured_image":false,"footnotes":""},"class_list":["post-532","page","type-page","status-publish","hentry"],"_links":{"self":[{"href":"https:\/\/militarymegablog.ch\/index.php\/wp-json\/wp\/v2\/pages\/532","targetHints":{"allow":["GET"]}}],"collection":[{"href":"https:\/\/militarymegablog.ch\/index.php\/wp-json\/wp\/v2\/pages"}],"about":[{"href":"https:\/\/militarymegablog.ch\/index.php\/wp-json\/wp\/v2\/types\/page"}],"author":[{"embeddable":true,"href":"https:\/\/militarymegablog.ch\/index.php\/wp-json\/wp\/v2\/users\/1"}],"replies":[{"embeddable":true,"href":"https:\/\/militarymegablog.ch\/index.php\/wp-json\/wp\/v2\/comments?post=532"}],"version-history":[{"count":0,"href":"https:\/\/militarymegablog.ch\/index.php\/wp-json\/wp\/v2\/pages\/532\/revisions"}],"wp:attachment":[{"href":"https:\/\/militarymegablog.ch\/index.php\/wp-json\/wp\/v2\/media?parent=532"}],"curies":[{"name":"wp","href":"https:\/\/api.w.org\/{rel}","templated":true}]}}